{"id":7,"date":"2025-10-13T17:01:27","date_gmt":"2025-10-13T15:01:27","guid":{"rendered":"https:\/\/bmplan.attox.pl\/?page_id=7"},"modified":"2026-04-17T15:22:30","modified_gmt":"2026-04-17T13:22:30","slug":"o-nas","status":"publish","type":"page","link":"https:\/\/bmplan.attox.pl\/en\/","title":{"rendered":"O nas"},"content":{"rendered":"<div class=\"wpb-content-wrapper\">\n<div  data-mk-stretch-content=\"true\" class=\"wpb_row vc_row vc_row-fluid jupiter-donut- mk-fullwidth-false  attched-false     js-master-row  mk-grid\">\n\t\t\t\t\n<div class=\"vc_col-sm-6 wpb_column column_container  jupiter-donut- _ jupiter-donut-height-full\">\n\t\n<div id=\"padding-2\" class=\"mk-padding-divider jupiter-donut-  jupiter-donut-clearfix\"><\/div>\n\n<style>#mk-title-box-3 {font-family: \"Lato\"}<\/style>\n<h3  id=\"mk-title-box-3\" class=\"mk-title-box jupiter-donut-clearfix  mk-animate-element left-to-right  jupiter-donut-\">\n\t<span><strong>Discover our design studio<\/strong><\/span>\n<\/h3>\n\n\t<div class=\"vc_custom_1760375441033\">\n\n<div id=\"text-block-4\" class=\"mk-text-block  mk-animate-element scale-up  jupiter-donut-\">\n\n\t\n\t<p>We are a new but highly innovative design office that focuses on sustainable development, DGNB, BREEAM, and LEED certifications, and the implementation of ESG principles. We are a team of experienced experts who have gained their skills both in Poland and in Western Europe. This allows us to offer a unique perspective on each project, ensuring the highest quality and innovative solutions.<\/p>\n\n\t<div class=\"clearboth\"><\/div>\n<\/div>\n\n\t<\/div>\n<\/div>\n\n<div class=\"vc_col-sm-6 wpb_column column_container  jupiter-donut- _ jupiter-donut-height-full\">\n\t\n<div id=\"padding-6\" class=\"mk-padding-divider jupiter-donut-  jupiter-donut-clearfix\"><\/div>\n\n<div  class=\"mk-image mk-image-7 jupiter-donut-  mk-image-lazyload align-left  mk-animate-element flip-y simple-frame inside-image\" style=\"margin-bottom:10px\"><div class=\"mk-image-container\" style=\"max-width: 1000px;\"><div  class=\"mk-image-holder\" style=\"max-width: 1000px;\"><div class=\"mk-image-inner\"><img loading=\"lazy\" decoding=\"async\" class=\"lightbox-false\" alt=\"bm-plan-zespol\" title=\"bm-plan-zespol\" width=\"1000\" height=\"666\" src=\"https:\/\/bmplan.attox.pl\/wp-content\/uploads\/2026\/04\/bm-plan-zespol.png\" \/><\/div><\/div><div class=\"clearboth\"><\/div><\/div><\/div><\/div>\n\t<\/div>\n\n<div  data-mk-stretch-content=\"true\" class=\"wpb_row vc_row vc_row-fluid jupiter-donut- mk-fullwidth-false  attched-false     js-master-row  mk-grid\">\n\t\t\t\t\n<div class=\"vc_col-sm-4 wpb_column column_container  jupiter-donut- _ jupiter-donut-height-full\">\n\t\n<div id=\"padding-9\" class=\"mk-padding-divider jupiter-donut-  jupiter-donut-clearfix\"><\/div>\n\n<style>#mk-title-box-10 {font-family: \"Lato\"}<\/style>\n<h3  id=\"mk-title-box-10\" class=\"mk-title-box jupiter-donut-clearfix  mk-animate-element right-to-left  jupiter-donut-\">\n\t<span><strong>Design<\/strong><\/span>\n<\/h3>\n\n\t<div class=\"vc_custom_1760375709529\">\n\n<div id=\"text-block-11\" class=\"mk-text-block  mk-animate-element fade-in  jupiter-donut-\">\n\n\t\n\t<p>We create comprehensive designs for residential, commercial, industrial and public spaces, taking into account both user needs and environmental requirements. We care about the aesthetics, functionality and durability of our projects, adapting them to local conditions.<\/p>\n\n\t<div class=\"clearboth\"><\/div>\n<\/div>\n\n\t<\/div>\n<\/div>\n\n<div class=\"vc_col-sm-4 wpb_column column_container  jupiter-donut- _ jupiter-donut-height-full\">\n\t\n<div id=\"padding-13\" class=\"mk-padding-divider jupiter-donut-  jupiter-donut-clearfix\"><\/div>\n\n<style>#mk-title-box-14 {font-family: \"Lato\"}<\/style>\n<h3  id=\"mk-title-box-14\" class=\"mk-title-box jupiter-donut-clearfix  mk-animate-element right-to-left  jupiter-donut-\">\n\t<span><strong>Sustainable building certifications<\/strong><\/span>\n<\/h3>\n\n\t<div class=\"vc_custom_1760375715374\">\n\n<div id=\"text-block-15\" class=\"mk-text-block  mk-animate-element fade-in  jupiter-donut-\">\n\n\t\n\t<p>We specialise in projects that comply with DGNB, BREEAM and LEED certification guidelines. We help investors achieve the highest standards of sustainable development, both at the design stage and during project implementation.<\/p>\n\n\t<div class=\"clearboth\"><\/div>\n<\/div>\n\n\t<\/div>\n<\/div>\n\n<div class=\"vc_col-sm-4 wpb_column column_container  jupiter-donut- _ jupiter-donut-height-full\">\n\t\n<div id=\"padding-17\" class=\"mk-padding-divider jupiter-donut-  jupiter-donut-clearfix\"><\/div>\n\n<style>#mk-title-box-18 {font-family: \"Lato\"}<\/style>\n<h3  id=\"mk-title-box-18\" class=\"mk-title-box jupiter-donut-clearfix  mk-animate-element right-to-left  jupiter-donut-\">\n\t<span><strong>ESG advisory services<\/strong><\/span>\n<\/h3>\n\n\t<div class=\"vc_custom_1760375721834\">\n\n<div id=\"text-block-19\" class=\"mk-text-block  mk-animate-element fade-in  jupiter-donut-\">\n\n\t\n\t<p>We support our clients in incorporating ESG principles into the design and implementation process. We help implement solutions that increase the value of investments, reduce their environmental impact and build positive relationships with the surrounding community.<\/p>\n\n\t<div class=\"clearboth\"><\/div>\n<\/div>\n\n\t<\/div>\n<\/div>\n\t<\/div>\n\n<div  data-mk-stretch-content=\"true\" class=\"wpb_row vc_row vc_row-fluid jupiter-donut- mk-fullwidth-false  attched-false     js-master-row  mk-grid\">\n\t\t\t\t\n<div class=\"vc_col-sm-6 wpb_column column_container  jupiter-donut- _ jupiter-donut-height-full\">\n\t\n<div id=\"padding-21\" class=\"mk-padding-divider jupiter-donut-  jupiter-donut-clearfix\"><\/div>\n\n<div  class=\"mk-image mk-image-22 jupiter-donut-  mk-image-lazyload align-left  mk-animate-element fade-in rounded-frame inside-image\" style=\"margin-bottom:10px\"><div class=\"mk-image-container\" style=\"max-width: 810px;\"><div  class=\"mk-image-holder\" style=\"max-width: 810px;\"><div class=\"mk-image-inner\"><img loading=\"lazy\" decoding=\"async\" class=\"lightbox-false\" alt=\"studio2\" title=\"studio2\" width=\"810\" height=\"710\" src=\"https:\/\/bmplan.attox.pl\/wp-content\/uploads\/bfi_thumb\/studio2-rd5lm5cf1trhhedlhj0hucnv28gdho0h3o6bayug60.jpg\" \/><\/div><\/div><div class=\"clearboth\"><\/div><\/div><\/div><\/div>\n\n<div class=\"vc_col-sm-6 wpb_column column_container  jupiter-donut- _ jupiter-donut-height-full\">\n\t\n<div id=\"padding-24\" class=\"mk-padding-divider jupiter-donut-  jupiter-donut-clearfix\"><\/div>\n\n<style>#mk-title-box-25 {font-family: \"Lato\"}<\/style>\n<h3  id=\"mk-title-box-25\" class=\"mk-title-box jupiter-donut-clearfix  mk-animate-element fade-in  jupiter-donut-\">\n\t<span><em><strong>\u2018Quality that shapes the future\u2019<\/strong><\/em><\/span>\n<\/h3>\n\n\t<div class=\"vc_custom_1760375732786\">\n\n<div id=\"text-block-26\" class=\"mk-text-block  mk-animate-element fade-in  jupiter-donut-\">\n\n\t\n\t<p>These are words that accompany us every day. That is why we treat every project as an opportunity to bring about positive change and create spaces that inspire, support development and build a better world. We believe that quality is more than just technical execution \u2013 it is a responsibility towards future generations. Our projects reflect this philosophy, combining functionality, aesthetics and sustainable solutions that bring real benefits to both investors and society.<\/p>\n\n\t<div class=\"clearboth\"><\/div>\n<\/div>\n\n\t<\/div>\n<\/div>\n\t<\/div>\n\n<\/div>","protected":false},"excerpt":{"rendered":"Poznaj nasze studio projektowe Jeste\u015bmy nowym, ale niezwykle innowacyjnym biurem projektowym, kt\u00f3re stawia na zr\u00f3wnowa\u017cony rozw\u00f3j, certyfikacje DGNB, BREEAM, LEED oraz realizacj\u0119 zasad ESG. Tworzymy zesp\u00f3\u0142 do\u015bwiadczonych ekspert\u00f3w, kt\u00f3rzy zdobywali swoje umiej\u0119tno\u015bci zar\u00f3wno w Polsce, jak i w zachodniej Europie. Dzi\u0119ki temu mo\u017cemy zaoferowa\u0107 unikalne spojrzenie na ka\u017cdy projekt, zapewniaj\u0105c najwy\u017csz\u0105 jako\u015b\u0107 i innowacyjne rozwi\u0105zania. [...]","protected":false},"author":1,"featured_media":0,"parent":0,"menu_order":0,"comment_status":"closed","ping_status":"closed","template":"","meta":{"footnotes":""},"class_list":["post-7","page","type-page","status-publish","hentry"],"_links":{"self":[{"href":"https:\/\/bmplan.attox.pl\/en\/wp-json\/wp\/v2\/pages\/7","targetHints":{"allow":["GET"]}}],"collection":[{"href":"https:\/\/bmplan.attox.pl\/en\/wp-json\/wp\/v2\/pages"}],"about":[{"href":"https:\/\/bmplan.attox.pl\/en\/wp-json\/wp\/v2\/types\/page"}],"author":[{"embeddable":true,"href":"https:\/\/bmplan.attox.pl\/en\/wp-json\/wp\/v2\/users\/1"}],"replies":[{"embeddable":true,"href":"https:\/\/bmplan.attox.pl\/en\/wp-json\/wp\/v2\/comments?post=7"}],"version-history":[{"count":67,"href":"https:\/\/bmplan.attox.pl\/en\/wp-json\/wp\/v2\/pages\/7\/revisions"}],"predecessor-version":[{"id":314,"href":"https:\/\/bmplan.attox.pl\/en\/wp-json\/wp\/v2\/pages\/7\/revisions\/314"}],"wp:attachment":[{"href":"https:\/\/bmplan.attox.pl\/en\/wp-json\/wp\/v2\/media?parent=7"}],"curies":[{"name":"wp","href":"https:\/\/api.w.org\/{rel}","templated":true}]}}