{"id":292,"date":"2025-10-19T21:39:23","date_gmt":"2025-10-19T19:39:23","guid":{"rendered":"https:\/\/bmplan.attox.pl\/?page_id=292"},"modified":"2025-10-19T22:24:03","modified_gmt":"2025-10-19T20:24:03","slug":"spontaniczna-aplikacja-formularz","status":"publish","type":"page","link":"https:\/\/bmplan.attox.pl\/en\/spontaniczna-aplikacja-formularz\/","title":{"rendered":"Spontaniczna aplikacja &#8211; formularz"},"content":{"rendered":"<div class=\"wpb-content-wrapper\">\n<div  data-mk-stretch-content=\"true\" class=\"wpb_row vc_row vc_row-fluid jupiter-donut- mk-fullwidth-false  attched-false     js-master-row  mk-grid\">\n\t\t\t\t\n<div class=\"vc_col-sm-2 wpb_column column_container  jupiter-donut- _ jupiter-donut-height-full\">\n\t\n<div id=\"padding-2\" class=\"mk-padding-divider jupiter-donut-  jupiter-donut-clearfix\"><\/div>\n\n<\/div>\n\n<div class=\"vc_col-sm-8 wpb_column column_container  jupiter-donut- _ jupiter-donut-height-full\">\n\t\n<div id=\"padding-4\" class=\"mk-padding-divider jupiter-donut-  jupiter-donut-clearfix\"><\/div>\n\n\n<div class=\"wpcf7 no-js\" id=\"wpcf7-f295-o1\" lang=\"pl-PL\" dir=\"ltr\" data-wpcf7-id=\"295\">\n<div class=\"screen-reader-response\"><p role=\"status\" aria-live=\"polite\" aria-atomic=\"true\"><\/p> <ul><\/ul><\/div>\n<form action=\"\/en\/wp-json\/wp\/v2\/pages\/292#wpcf7-f295-o1\" method=\"post\" class=\"wpcf7-form init\" aria-label=\"Formularz kontaktowy\" enctype=\"multipart\/form-data\" novalidate=\"novalidate\" data-status=\"init\" data-trp-original-action=\"\/en\/wp-json\/wp\/v2\/pages\/292#wpcf7-f295-o1\">\n<fieldset class=\"hidden-fields-container\"><input type=\"hidden\" name=\"_wpcf7\" value=\"295\" \/><input type=\"hidden\" name=\"_wpcf7_version\" value=\"6.1.5\" \/><input type=\"hidden\" name=\"_wpcf7_locale\" value=\"pl_PL\" \/><input type=\"hidden\" name=\"_wpcf7_unit_tag\" value=\"wpcf7-f295-o1\" \/><input type=\"hidden\" name=\"_wpcf7_container_post\" value=\"0\" \/><input type=\"hidden\" name=\"_wpcf7_posted_data_hash\" value=\"\" \/>\n<\/fieldset>\n<div class=\"cf7-form-card spontaniczna-aplikacja\">\n\n <!-- Wiersz 1: Imi\u0119 i email -->\n\t<div class=\"cf7-row\">\n\t\t<div class=\"cf7-col\">\n\t\t\t<p><span class=\"wpcf7-form-control-wrap\" data-name=\"imie_nazwisko\"><input size=\"40\" maxlength=\"400\" minlength=\"3\" class=\"wpcf7-form-control wpcf7-text wpcf7-validates-as-required\" aria-required=\"true\" aria-invalid=\"false\" placeholder=\"First name and surname\" value=\"\" type=\"text\" name=\"imie_nazwisko\" \/><\/span>\n\t\t\t<\/p>\n\t\t<\/div>\n\t\t<div class=\"cf7-col\">\n\t\t\t<p><span class=\"wpcf7-form-control-wrap\" data-name=\"email_nadawcy\"><input size=\"40\" maxlength=\"400\" class=\"wpcf7-form-control wpcf7-email wpcf7-validates-as-required wpcf7-text wpcf7-validates-as-email\" autocomplete=\"email\" aria-required=\"true\" aria-invalid=\"false\" placeholder=\"Email address\" value=\"\" type=\"email\" name=\"email_nadawcy\" \/><\/span>\n\t\t\t<\/p>\n\t\t<\/div>\n\t<\/div>\n\n <!-- Ukryty temat -->\n<input class=\"wpcf7-form-control wpcf7-hidden\" value=\"Spontaniczna aplikacja\" type=\"hidden\" name=\"temat\" \/>\n\n <!-- Wiadomo\u015b\u0107 -->\n\t<p><br \/>\n<span class=\"wpcf7-form-control-wrap\" data-name=\"wiadomosc\"><textarea cols=\"40\" rows=\"10\" maxlength=\"2000\" minlength=\"10\" class=\"wpcf7-form-control wpcf7-textarea wpcf7-validates-as-required\" aria-required=\"true\" aria-invalid=\"false\" placeholder=\"Write a few words about yourself or the content of your message\" name=\"wiadomosc\"><\/textarea><\/span>\n\t<\/p>\n\n <!-- Za\u0142\u0105cznik -->\n\t<p><br \/>\n<span class=\"wpcf7-form-control-wrap\" data-name=\"zalacznik\"><input size=\"40\" class=\"wpcf7-form-control wpcf7-file wpcf7-validates-as-required\" accept=\".pdf\" aria-required=\"true\" aria-invalid=\"false\" type=\"file\" name=\"zalacznik\" \/><\/span>\n\t<\/p>\n\t<p><small class=\"cf7-info\"><br \/>\nAllowed file format: <strong>PDF<\/strong>Maximum size: <strong>2 MB<\/strong>.<br \/>\n<\/small>\n\t<\/p>\n\n <!-- Honeypot -->\n\t<div class=\"cf7-honeypot-wrap\">\n\t\t<p><span class=\"wpcf7-form-control-wrap\" data-name=\"honeypot-field\"><input size=\"40\" maxlength=\"400\" class=\"wpcf7-form-control wpcf7-text\" id=\"hp-check\" aria-invalid=\"false\" placeholder=\"Nie wype\u0142niaj tego pola\" value=\"\" type=\"text\" name=\"honeypot-field\" \/><\/span>\n\t\t<\/p>\n\t<\/div>\n\n <!-- Zgody RODO -->\n\t<p><span class=\"wpcf7-form-control-wrap\" data-name=\"zgoda-rodo\"><span class=\"wpcf7-form-control wpcf7-acceptance\"><span class=\"wpcf7-list-item\"><label><input type=\"checkbox\" name=\"zgoda-rodo\" value=\"1\" aria-invalid=\"false\" \/><span class=\"wpcf7-list-item-label\">I consent to the processing of my personal data for the purpose of the recruitment process by BM PLAN Sp. z o.o. with its registered office in Opole, ul. Katowicka 33A \/ 211, 45-061 Opole, in accordance with <a href=\"https:\/\/bmplan.attox.pl\/en\/polityka-prywatnosci-2\/\" target=\"_blank\" rel=\"noopener noreferrer\">Privacy policy<\/a>.<\/span><\/label><\/span><\/span><\/span>\n\t<\/p>\n\t<p><span class=\"wpcf7-form-control-wrap\" data-name=\"zgoda-future\"><span class=\"wpcf7-form-control wpcf7-acceptance\"><span class=\"wpcf7-list-item\"><label><input type=\"checkbox\" name=\"zgoda-future\" value=\"1\" aria-invalid=\"false\" \/><span class=\"wpcf7-list-item-label\">I consent to the processing of my personal data for use in future recruitment processes conducted by BM PLAN Sp. z o.o. with its registered office in Opole, ul. Katowicka 33A \/ 211, 45-061 Opole. By attaching my photograph to my CV and providing more personal data than specified in Article 221 of the Labour Code, I expressly consent to the processing of this data for recruitment purposes.<\/span><\/label><\/span><\/span><\/span>\n\t<\/p>\n\n <!-- Przycisk -->\n\t<p class=\"cf7-submit-wrap\"><br \/>\n<input class=\"wpcf7-form-control wpcf7-submit has-spinner btn-cf7\" type=\"submit\" value=\"Submit your application\" \/>\n\t<\/p>\n<\/div>\n\n<!-- Skrypt honeypot -->\n<p><script>\ndocument.addEventListener('DOMContentLoaded', function() {\n const honeypot = document.getElementById('hp-check');\n if (honeypot) honeypot.value = '';\n\n document.addEventListener('wpcf7beforesubmit', function(e) {\n if (honeypot && honeypot.value.trim() !== '') {\n e.preventDefault();\n alert('Wykryto b\u0142\u0105d formularza. Prosz\u0119 spr\u00f3bowa\u0107 ponownie.');\n return false;\n }\n });\n});\n<\/script>\n<\/p><div class=\"wpcf7-response-output\" aria-hidden=\"true\"><\/div>\n<input type=\"hidden\" name=\"trp-form-language\" value=\"en\"\/><\/form>\n<\/div>\n<\/div>\n\n<div class=\"vc_col-sm-2 wpb_column column_container  jupiter-donut- _ jupiter-donut-height-full\">\n\t\n<div id=\"padding-6\" class=\"mk-padding-divider jupiter-donut-  jupiter-donut-clearfix\"><\/div>\n\n<\/div>\n\t<\/div>\n\n<\/div>","protected":false},"excerpt":{"rendered":"Dozwolony format pliku: PDF. Maksymalny rozmiar: 2 MB. Wyra\u017cam zgod\u0119 na przetwarzanie moich danych osobowych w celu przeprowadzenia procesu rekrutacyjnego przez BM PLAN Sp. z o.o. z siedzib\u0105 w Opolu, ul. Katowicka 33A \/ 211, 45-061 Opole, zgodnie z Polityk\u0105 prywatno\u015bci. Wyra\u017cam zgod\u0119 na przetwarzanie moich danych osobowych w celu wykorzystania w kolejnych naborach prowadzonych [...]","protected":false},"author":1,"featured_media":0,"parent":0,"menu_order":0,"comment_status":"closed","ping_status":"closed","template":"","meta":{"footnotes":""},"class_list":["post-292","page","type-page","status-publish","hentry"],"_links":{"self":[{"href":"https:\/\/bmplan.attox.pl\/en\/wp-json\/wp\/v2\/pages\/292","targetHints":{"allow":["GET"]}}],"collection":[{"href":"https:\/\/bmplan.attox.pl\/en\/wp-json\/wp\/v2\/pages"}],"about":[{"href":"https:\/\/bmplan.attox.pl\/en\/wp-json\/wp\/v2\/types\/page"}],"author":[{"embeddable":true,"href":"https:\/\/bmplan.attox.pl\/en\/wp-json\/wp\/v2\/users\/1"}],"replies":[{"embeddable":true,"href":"https:\/\/bmplan.attox.pl\/en\/wp-json\/wp\/v2\/comments?post=292"}],"version-history":[{"count":4,"href":"https:\/\/bmplan.attox.pl\/en\/wp-json\/wp\/v2\/pages\/292\/revisions"}],"predecessor-version":[{"id":304,"href":"https:\/\/bmplan.attox.pl\/en\/wp-json\/wp\/v2\/pages\/292\/revisions\/304"}],"wp:attachment":[{"href":"https:\/\/bmplan.attox.pl\/en\/wp-json\/wp\/v2\/media?parent=292"}],"curies":[{"name":"wp","href":"https:\/\/api.w.org\/{rel}","templated":true}]}}