{"id":16,"date":"2025-10-13T17:02:51","date_gmt":"2025-10-13T15:02:51","guid":{"rendered":"https:\/\/bmplan.attox.pl\/?page_id=16"},"modified":"2025-10-19T22:13:04","modified_gmt":"2025-10-19T20:13:04","slug":"kariera","status":"publish","type":"page","link":"https:\/\/bmplan.attox.pl\/en\/kariera\/","title":{"rendered":"Career"},"content":{"rendered":"<div class=\"wpb-content-wrapper\">\n<div  data-mk-stretch-content=\"true\" class=\"wpb_row vc_row vc_row-fluid jupiter-donut- mk-fullwidth-false  attched-false     js-master-row  mk-grid\">\n\t\t\t\t\n<div class=\"vc_col-sm-6 wpb_column column_container  jupiter-donut- _ jupiter-donut-height-full\">\n\t\n<div id=\"padding-2\" class=\"mk-padding-divider jupiter-donut-  jupiter-donut-clearfix\"><\/div>\n\n<style>#mk-title-box-3 {font-family: \"Lato\"}<\/style>\n<h3  id=\"mk-title-box-3\" class=\"mk-title-box jupiter-donut-clearfix  mk-animate-element scale-up  jupiter-donut-\">\n\t<span><strong>Start working at BM PLAN<\/strong><\/span>\n<\/h3>\n\n\t<div class=\"vc_custom_1760460665041\">\n\n<div id=\"text-block-4\" class=\"mk-text-block  mk-animate-element fade-in  jupiter-donut-\">\n\n\t\n\t<p>Our organisation is a place where passion for construction meets professionalism, creating a solid foundation for your career. Why join us? We support the professional development of our employees by offering a variety of opportunities that will allow you to reach new heights in your career.<\/p>\n\n\t<div class=\"clearboth\"><\/div>\n<\/div>\n\n\t<\/div>\n<\/div>\n\n<div class=\"vc_col-sm-6 wpb_column column_container  jupiter-donut- _ jupiter-donut-height-full\">\n\t\n<div id=\"padding-6\" class=\"mk-padding-divider jupiter-donut-  jupiter-donut-clearfix\"><\/div>\n\n<div  class=\"mk-image mk-image-7 jupiter-donut-  mk-image-lazyload align-left simple-frame inside-image\" style=\"margin-bottom:10px\"><div class=\"mk-image-container\" style=\"max-width: 1280px;\"><div  class=\"mk-image-holder\" style=\"max-width: 1280px;\"><div class=\"mk-image-inner\"><img loading=\"lazy\" decoding=\"async\" class=\"lightbox-false\" alt=\"plan\" title=\"plan\" width=\"1280\" height=\"853\" src=\"https:\/\/bmplan.attox.pl\/wp-content\/uploads\/2025\/10\/plan.jpg\" \/><\/div><\/div><div class=\"clearboth\"><\/div><\/div><\/div><\/div>\n\t<\/div>\n\n<div  data-mk-stretch-content=\"true\" class=\"wpb_row vc_row vc_row-fluid jupiter-donut- mk-fullwidth-false  attched-false     js-master-row  mk-grid\">\n\t\t\t\t\n<div class=\"vc_col-sm-12 wpb_column column_container  jupiter-donut- _ jupiter-donut-height-full\">\n\t\n<div id=\"padding-9\" class=\"mk-padding-divider jupiter-donut-  jupiter-donut-clearfix\"><\/div>\n\n<\/div>\n\t<\/div>\n\n<div  data-mk-stretch-content=\"true\" class=\"wpb_row vc_row vc_row-fluid jupiter-donut- mk-fullwidth-false  attched-false     js-master-row  mk-grid\">\n\t\t\t\t\n<div class=\"vc_col-sm-1\/5 wpb_column column_container  jupiter-donut- _ jupiter-donut-height-full\">\n\t\t<div class=\"vc_custom_1760462447665\">\n\n<div id=\"text-block-11\" class=\"mk-text-block  mk-animate-element right-to-left  jupiter-donut-\">\n\n\t\n\t<p><strong>Opportunity for development<\/strong><\/p>\n\n\t<div class=\"clearboth\"><\/div>\n<\/div>\n\n\t<\/div>\n<\/div>\n\n<div class=\"vc_col-sm-1\/5 wpb_column column_container  jupiter-donut- _ jupiter-donut-height-full\">\n\t\t<div class=\"vc_custom_1760462456246\">\n\n<div id=\"text-block-13\" class=\"mk-text-block  mk-animate-element right-to-left  jupiter-donut-\">\n\n\t\n\t<p><strong>Medical package<\/strong><\/p>\n\n\t<div class=\"clearboth\"><\/div>\n<\/div>\n\n\t<\/div>\n<\/div>\n\n<div class=\"vc_col-sm-1\/5 wpb_column column_container  jupiter-donut- _ jupiter-donut-height-full\">\n\t\t<div class=\"vc_custom_1760466633726\">\n\n<div id=\"text-block-15\" class=\"mk-text-block  mk-animate-element right-to-left  jupiter-donut-\">\n\n\t\n\t<p><strong>A well-coordinated team<\/strong><\/p>\n\n\t<div class=\"clearboth\"><\/div>\n<\/div>\n\n\t<\/div>\n<\/div>\n\n<div class=\"vc_col-sm-1\/5 wpb_column column_container  jupiter-donut- _ jupiter-donut-height-full\">\n\t\t<div class=\"vc_custom_1760462481134\">\n\n<div id=\"text-block-17\" class=\"mk-text-block  mk-animate-element right-to-left  jupiter-donut-\">\n\n\t\n\t<p><strong>Employment stability<\/strong><\/p>\n\n\t<div class=\"clearboth\"><\/div>\n<\/div>\n\n\t<\/div>\n<\/div>\n\n<div class=\"vc_col-sm-1\/5 wpb_column column_container  jupiter-donut- _ jupiter-donut-height-full\">\n\t\t<div class=\"vc_custom_1760462492674\">\n\n<div id=\"text-block-19\" class=\"mk-text-block  mk-animate-element right-to-left  jupiter-donut-\">\n\n\t\n\t<p><strong>Training and courses<\/strong><\/p>\n\n\t<div class=\"clearboth\"><\/div>\n<\/div>\n\n\t<\/div>\n<\/div>\n\t<\/div>\n\n<div  data-mk-stretch-content=\"true\" class=\"wpb_row vc_row vc_row-fluid jupiter-donut- mk-fullwidth-false  attched-false     js-master-row  mk-grid\">\n\t\t\t\t\n<div class=\"vc_col-sm-1\/5 wpb_column column_container  jupiter-donut- _ jupiter-donut-height-full\">\n\t<div  class=\"mk-image mk-image-21 jupiter-donut-  mk-image-lazyload align-left  mk-animate-element bottom-to-top simple-frame inside-image\" style=\"margin-bottom:10px\"><div class=\"mk-image-container\" style=\"width:100%;\"><div  class=\"mk-image-holder\" style=\"width:100%;\"><div class=\"mk-image-inner is-svg\"><img loading=\"lazy\" decoding=\"async\" class=\"lightbox-false\" alt=\"ikona_rozwoj\" title=\"ikona_rozwoj\" width=\"0\" height=\"0\" src=\"https:\/\/bmplan.attox.pl\/wp-content\/uploads\/2025\/10\/ikona_rozwoj.svg\" style=\"width:100%;\"\/><\/div><\/div><div class=\"clearboth\"><\/div><\/div><\/div><\/div>\n\n<div class=\"vc_col-sm-1\/5 wpb_column column_container  jupiter-donut- _ jupiter-donut-height-full\">\n\t<div  class=\"mk-image mk-image-23 jupiter-donut-  mk-image-lazyload align-left  mk-animate-element bottom-to-top simple-frame inside-image\" style=\"margin-bottom:10px\"><div class=\"mk-image-container\" style=\"width:100%;\"><div  class=\"mk-image-holder\" style=\"width:100%;\"><div class=\"mk-image-inner is-svg\"><img loading=\"lazy\" decoding=\"async\" class=\"lightbox-false\" alt=\"ikona_pakiet_medyczny\" title=\"ikona_pakiet_medyczny\" width=\"0\" height=\"0\" src=\"https:\/\/bmplan.attox.pl\/wp-content\/uploads\/2025\/10\/ikona_pakiet_medyczny.svg\" style=\"width:100%;\"\/><\/div><\/div><div class=\"clearboth\"><\/div><\/div><\/div><\/div>\n\n<div class=\"vc_col-sm-1\/5 wpb_column column_container  jupiter-donut- _ jupiter-donut-height-full\">\n\t<div  class=\"mk-image mk-image-25 jupiter-donut-  mk-image-lazyload align-left  mk-animate-element bottom-to-top simple-frame inside-image\" style=\"margin-bottom:10px\"><div class=\"mk-image-container\" style=\"width:100%;\"><div  class=\"mk-image-holder\" style=\"width:100%;\"><div class=\"mk-image-inner is-svg\"><img loading=\"lazy\" decoding=\"async\" class=\"lightbox-false\" alt=\"ikona_zespol\" title=\"ikona_zespol\" width=\"0\" height=\"0\" src=\"https:\/\/bmplan.attox.pl\/wp-content\/uploads\/2025\/10\/ikona_zespol.svg\" style=\"width:100%;\"\/><\/div><\/div><div class=\"clearboth\"><\/div><\/div><\/div><\/div>\n\n<div class=\"vc_col-sm-1\/5 wpb_column column_container  jupiter-donut- _ jupiter-donut-height-full\">\n\t<div  class=\"mk-image mk-image-27 jupiter-donut-  mk-image-lazyload align-left  mk-animate-element scale-up simple-frame inside-image\" style=\"margin-bottom:10px\"><div class=\"mk-image-container\" style=\"width:100%;\"><div  class=\"mk-image-holder\" style=\"width:100%;\"><div class=\"mk-image-inner is-svg\"><img loading=\"lazy\" decoding=\"async\" class=\"lightbox-false\" alt=\"ikona_stabilnosc\" title=\"ikona_stabilnosc\" width=\"0\" height=\"0\" src=\"https:\/\/bmplan.attox.pl\/wp-content\/uploads\/2025\/10\/ikona_stabilnosc.svg\" style=\"width:100%;\"\/><\/div><\/div><div class=\"clearboth\"><\/div><\/div><\/div><\/div>\n\n<div class=\"vc_col-sm-1\/5 wpb_column column_container  jupiter-donut- _ jupiter-donut-height-full\">\n\t<div  class=\"mk-image mk-image-29 jupiter-donut-  mk-image-lazyload align-left  mk-animate-element bottom-to-top simple-frame inside-image\" style=\"margin-bottom:10px\"><div class=\"mk-image-container\" style=\"width:100%;\"><div  class=\"mk-image-holder\" style=\"width:100%;\"><div class=\"mk-image-inner is-svg\"><img loading=\"lazy\" decoding=\"async\" class=\"lightbox-false\" alt=\"ikona_szkolenia\" title=\"ikona_szkolenia\" width=\"0\" height=\"0\" src=\"https:\/\/bmplan.attox.pl\/wp-content\/uploads\/2025\/10\/ikona_szkolenia.svg\" style=\"width:100%;\"\/><\/div><\/div><div class=\"clearboth\"><\/div><\/div><\/div><\/div>\n\t<\/div>\n\n<div  data-mk-stretch-content=\"true\" class=\"wpb_row vc_row vc_row-fluid jupiter-donut- mk-fullwidth-false  attched-false     js-master-row  mk-grid\">\n\t\t\t\t\n<div class=\"vc_col-sm-6 wpb_column column_container  jupiter-donut- _ jupiter-donut-height-full\">\n\t\n<div id=\"padding-31\" class=\"mk-padding-divider jupiter-donut-  jupiter-donut-clearfix\"><\/div>\n\n<div  class=\"mk-image mk-image-32 jupiter-donut-  mk-image-lazyload align-left  mk-animate-element scale-up simple-frame inside-image\" style=\"margin-bottom:10px\"><div class=\"mk-image-container\" style=\"max-width: 670px;\"><div  class=\"mk-image-holder\" style=\"max-width: 670px;\"><div class=\"mk-image-inner\"><img loading=\"lazy\" decoding=\"async\" class=\"lightbox-false\" alt=\"kariera_1\" title=\"kariera_1\" width=\"670\" height=\"894\" src=\"https:\/\/bmplan.attox.pl\/wp-content\/uploads\/2025\/10\/kariera_1.jpg\" \/><\/div><\/div><div class=\"clearboth\"><\/div><\/div><\/div><\/div>\n\n<div class=\"vc_col-sm-6 wpb_column column_container  jupiter-donut- _ jupiter-donut-height-full\">\n\t\n<div id=\"padding-34\" class=\"mk-padding-divider jupiter-donut-  jupiter-donut-clearfix\"><\/div>\n\n<style>#mk-title-box-35 {font-family: \"Lato\"}<\/style>\n<h3  id=\"mk-title-box-35\" class=\"mk-title-box jupiter-donut-clearfix  mk-animate-element fade-in  jupiter-donut-\">\n\t<span><strong>We are currently looking for:<\/strong><\/span>\n<\/h3>\n\n\n<div data-style=\"accordion-style\" data-initialindex=\"-1\" id=\"mk-accordion-36\" class=\"mk-accordion mobile-false fancy-style\">\n\t<div class=\"wpb_accordion_wrapper\">\n\t\t\n<div id=\"\"class=\"mk-accordion-single\">\n\n\t<div class=\"mk-accordion-tab\">\n\t\t<i><svg  class=\"mk-svg-icon\" data-name=\"mk-moon-arrow-down-right\" data-cacheid=\"icon-69e24899dac5c\" xmlns=\"http:\/\/www.w3.org\/2000\/svg\" viewbox=\"0 0 512 512\"><path d=\"M512 128l-128 128-256-256-128 128 256.001 256-128 128h383.999z\"\/><\/svg><\/i>\t\t<span>Architect<\/span>\n\t\t<svg  class=\"mk-svg-icon\" data-name=\"mk-icon-chevron-right\" data-cacheid=\"icon-69e24899db420\" style=\" height:13px; width: 9.2857142857143px; \"  xmlns=\"http:\/\/www.w3.org\/2000\/svg\" viewbox=\"0 0 1280 1792\"><path d=\"M1107 877l-742 742q-19 19-45 19t-45-19l-166-166q-19-19-19-45t19-45l531-531-531-531q-19-19-19-45t19-45l166-166q19-19 45-19t45 19l742 742q19 19 19 45t-19 45z\"\/><\/svg>\t<\/div>\n\n\t<div class=\"mk-accordion-pane\">\n\t\t<div class=\"vc_custom_1760635195853\">\n\n<div id=\"text-block-37\" class=\"mk-text-block  jupiter-donut-\">\n\n\t\n\t<p><strong>Your responsibilities<\/strong><\/p>\n<ul>\n<li>Designing and creating documentation from concept to detailed design of buildings, mainly industrial and public utility structures.<\/li>\n<li>Collaboration with engineers and contractors to implement projects.<\/li>\n<li>Supervision of project compliance with building regulations and local law.<\/li>\n<li>Przygotowywanie dokumentacji technicznej i specyfikacji materia\u0142owych.<\/li>\n<li>Monitoring the progress of construction works and introducing any necessary modifications to the design.<\/li>\n<li>Multi-disciplinary coordination.<\/li>\n<\/ul>\n<p><strong>Our requirements<\/strong><\/p>\n<ul>\n<li>Minimum 3 years of professional experience in architectural design (outside of university studies), preferably in the design of large-scale and public utility buildings.<\/li>\n<li>Independence in managing projects and making decisions<\/li>\n<li>Knowledge of AutoCAD and other design tools<\/li>\n<li>Analytical and problem-solving skills<\/li>\n<li>Communication skills and ability to work in a team<\/li>\n<\/ul>\n<p><strong>Welcome assets<\/strong><\/p>\n<ul>\n<li>Advanced knowledge of English or German will be an additional advantage.<\/li>\n<\/ul>\n\n\t<div class=\"clearboth\"><\/div>\n<\/div>\n\n\t<\/div>\n<div class=\"vc_btn3-container vc_btn3-inline vc_do_btn\" ><a class=\"vc_general vc_btn3 vc_btn3-size-md vc_btn3-shape-rounded vc_btn3-style-modern vc_btn3-color-success\" href=\"https:\/\/www.pracuj.pl\/praca\/architekt-architektka-wroclaw-krakowska-35,oferta,1004389500?s=1f7c2c91&#038;searchId=MTc1OTMxMjM1OTE3Ny45NzE3\" title=\"\">Apply online<\/a><\/div>\n\t\t<div class=\"clearboth\"><\/div>\n\t<\/div>\n\n<\/div>\n\t<\/div>\n<\/div>\n\n\n\t<div class=\"vc_custom_1760653555994\">\n\n<div id=\"text-block-38\" class=\"mk-text-block  jupiter-donut-\">\n\n\t\n\t<p style=\"text-align: center;\"><strong>Spontaneous application<\/strong><\/p>\n<p>If you haven't found a suitable position in our Careers section, don't give up \u2014 we still want to get to know you!<\/p>\n<p>We encourage you to send us a spontaneous application \u2014 your CV will be added to our candidate database, and we will contact you when an offer matching your skills and expectations becomes available.<\/p>\n<p style=\"text-align: center;\"><strong>How can this be done?<\/strong><\/p>\n<ul>\n<li>Prepare a file with your resume (and optionally a cover letter).<\/li>\n<li>Send it via the form available on the website or directly to our email address.<\/li>\n<li>In the subject line, write: \u201cSpontaneous application \u2013 Your First and Last Name.\u201d<\/li>\n<\/ul>\n<p style=\"text-align: center;\"><strong>Why it is worth applying<\/strong><\/p>\n<ul>\n<li>You gain the opportunity to be considered for future recruitment.<\/li>\n<li>We \u2013 get to know your profile and needs better.<\/li>\n<li>Together, we increase the chances of finding the perfect match.<\/li>\n<\/ul>\n<p>Don't wait \u2014 submit your resume today and join our talent pool!<\/p>\n\n\t<div class=\"clearboth\"><\/div>\n<\/div>\n\n\t<\/div>\n<div class=\"vc_btn3-container vc_btn3-center vc_do_btn\" ><a class=\"vc_general vc_btn3 vc_btn3-size-md vc_btn3-shape-rounded vc_btn3-style-modern vc_btn3-color-danger\" href=\"https:\/\/bmplan.attox.pl\/en\/spontaniczna-aplikacja-formularz\/\" title=\"Kontakt\">Apply online<\/a><\/div><\/div>\n\t<\/div>\n\n<\/div>","protected":false},"excerpt":{"rendered":"Rozpocznij prac\u0119 w BM PLAN Nasza organizacja to miejsce, gdzie pasja do budownictwa \u0142\u0105czy si\u0119 z profesjonalizmem, tworz\u0105c solidne fundamenty dla Twojej kariery. Dlaczego warto do nas do\u0142\u0105czy\u0107? Wspieramy rozw\u00f3j zawodowy naszych pracownik\u00f3w, oferuj\u0105c r\u00f3\u017cnorodne mo\u017cliwo\u015bci, kt\u00f3re pozwol\u0105 Ci wznie\u015b\u0107 si\u0119 na nowe wy\u017cyny w karierze. Mo\u017cliwo\u015b\u0107 rozwoju Pakiet medyczny Zgrany zesp\u00f3\u0142 Stabilno\u015b\u0107 zatrudnia Szkolenia [...]","protected":false},"author":1,"featured_media":0,"parent":0,"menu_order":0,"comment_status":"closed","ping_status":"closed","template":"","meta":{"footnotes":""},"class_list":["post-16","page","type-page","status-publish","hentry"],"_links":{"self":[{"href":"https:\/\/bmplan.attox.pl\/en\/wp-json\/wp\/v2\/pages\/16","targetHints":{"allow":["GET"]}}],"collection":[{"href":"https:\/\/bmplan.attox.pl\/en\/wp-json\/wp\/v2\/pages"}],"about":[{"href":"https:\/\/bmplan.attox.pl\/en\/wp-json\/wp\/v2\/types\/page"}],"author":[{"embeddable":true,"href":"https:\/\/bmplan.attox.pl\/en\/wp-json\/wp\/v2\/users\/1"}],"replies":[{"embeddable":true,"href":"https:\/\/bmplan.attox.pl\/en\/wp-json\/wp\/v2\/comments?post=16"}],"version-history":[{"count":74,"href":"https:\/\/bmplan.attox.pl\/en\/wp-json\/wp\/v2\/pages\/16\/revisions"}],"predecessor-version":[{"id":303,"href":"https:\/\/bmplan.attox.pl\/en\/wp-json\/wp\/v2\/pages\/16\/revisions\/303"}],"wp:attachment":[{"href":"https:\/\/bmplan.attox.pl\/en\/wp-json\/wp\/v2\/media?parent=16"}],"curies":[{"name":"wp","href":"https:\/\/api.w.org\/{rel}","templated":true}]}}