{"id":11,"date":"2025-10-13T17:02:23","date_gmt":"2025-10-13T15:02:23","guid":{"rendered":"https:\/\/bmplan.attox.pl\/?page_id=11"},"modified":"2025-10-16T19:25:14","modified_gmt":"2025-10-16T17:25:14","slug":"kontakt","status":"publish","type":"page","link":"https:\/\/bmplan.attox.pl\/en\/kontakt\/","title":{"rendered":"Kontakt"},"content":{"rendered":"<div class=\"wpb-content-wrapper\">\n<div  data-mk-stretch-content=\"true\" class=\"wpb_row vc_row vc_row-fluid jupiter-donut- mk-fullwidth-false  attched-false     js-master-row  mk-grid\">\n\t\t\t\t\n<div class=\"vc_col-sm-3 wpb_column column_container  jupiter-donut- _ jupiter-donut-height-full\">\n\t\n<div id=\"padding-2\" class=\"mk-padding-divider jupiter-donut-  jupiter-donut-clearfix\"><\/div>\n\n\t<div class=\" vc_custom_1760614928388\">\n\n<div id=\"text-block-3\" class=\"mk-text-block  mk-animate-element scale-up  jupiter-donut- \">\n\n\t\n\t<h4><strong>Zapraszamy do kontaktu<\/strong><\/h4>\n<p><a href=\"mailto:biuro@bmplan.com.pl\">biuro@bmplan.com.pl<\/a><br \/>\nul. Katowicka 33A\/211,<br \/>\n45-061 Opole<br \/>\nNIP: 754-337-41-22<\/p>\n<p>tel. 727 616 010<\/p>\n\n\t<div class=\"clearboth\"><\/div>\n<\/div>\n\n\t<\/div>\n<\/div>\n\n<div class=\"vc_col-sm-9 wpb_column column_container  jupiter-donut- _ jupiter-donut-height-full\">\n\t\n<div id=\"padding-5\" class=\"mk-padding-divider jupiter-donut-  jupiter-donut-clearfix\"><\/div>\n\n\n<div class=\"wpcf7 no-js\" id=\"wpcf7-f108-o1\" lang=\"pl-PL\" dir=\"ltr\" data-wpcf7-id=\"108\">\n<div class=\"screen-reader-response\"><p role=\"status\" aria-live=\"polite\" aria-atomic=\"true\"><\/p> <ul><\/ul><\/div>\n<form action=\"\/en\/wp-json\/wp\/v2\/pages\/11#wpcf7-f108-o1\" method=\"post\" class=\"wpcf7-form init\" aria-label=\"Formularz kontaktowy\" enctype=\"multipart\/form-data\" novalidate=\"novalidate\" data-status=\"init\">\n<fieldset class=\"hidden-fields-container\"><input type=\"hidden\" name=\"_wpcf7\" value=\"108\" \/><input type=\"hidden\" name=\"_wpcf7_version\" value=\"6.1.5\" \/><input type=\"hidden\" name=\"_wpcf7_locale\" value=\"pl_PL\" \/><input type=\"hidden\" name=\"_wpcf7_unit_tag\" value=\"wpcf7-f108-o1\" \/><input type=\"hidden\" name=\"_wpcf7_container_post\" value=\"0\" \/><input type=\"hidden\" name=\"_wpcf7_posted_data_hash\" value=\"\" \/>\n<\/fieldset>\n<div class=\"cf7-form-card\">\n\n <!-- Wiersz 1 -->\n\t<div class=\"cf7-row\">\n\t\t<div class=\"cf7-col\">\n\t\t\t<p><span class=\"wpcf7-form-control-wrap\" data-name=\"imie_nazwisko\"><input size=\"40\" maxlength=\"400\" minlength=\"3\" class=\"wpcf7-form-control wpcf7-text wpcf7-validates-as-required\" aria-required=\"true\" aria-invalid=\"false\" placeholder=\"Imi\u0119 i nazwisko\" value=\"\" type=\"text\" name=\"imie_nazwisko\" \/><\/span>\n\t\t\t<\/p>\n\t\t<\/div>\n\t\t<div class=\"cf7-col\">\n\t\t\t<p><span class=\"wpcf7-form-control-wrap\" data-name=\"email_nadawcy\"><input size=\"40\" maxlength=\"400\" class=\"wpcf7-form-control wpcf7-email wpcf7-validates-as-required wpcf7-text wpcf7-validates-as-email\" autocomplete=\"email\" aria-required=\"true\" aria-invalid=\"false\" placeholder=\"Adres e-mail\" value=\"\" type=\"email\" name=\"email_nadawcy\" \/><\/span>\n\t\t\t<\/p>\n\t\t<\/div>\n\t<\/div>\n\n <!-- Wiersz 2 -->\n\t<div class=\"cf7-row\">\n\t\t<div class=\"cf7-col\">\n\t\t\t<p><span class=\"wpcf7-form-control-wrap\" data-name=\"temat\"><input size=\"40\" maxlength=\"400\" minlength=\"3\" class=\"wpcf7-form-control wpcf7-text wpcf7-validates-as-required\" aria-required=\"true\" aria-invalid=\"false\" placeholder=\"Temat wiadomo\u015bci\" value=\"\" type=\"text\" name=\"temat\" \/><\/span>\n\t\t\t<\/p>\n\t\t<\/div>\n\t\t<div class=\"cf7-col\">\n\t\t\t<p><span class=\"wpcf7-form-control-wrap\" data-name=\"telefon\"><input size=\"40\" maxlength=\"400\" class=\"wpcf7-form-control wpcf7-tel wpcf7-validates-as-required wpcf7-text wpcf7-validates-as-tel\" aria-required=\"true\" aria-invalid=\"false\" placeholder=\"Numer telefonu (dok\u0142adnie 9 cyfr)\" value=\"\" type=\"tel\" name=\"telefon\" \/><\/span><br \/>\n<span class=\"cf7-error-msg\">Numer telefonu musi mie\u0107 dok\u0142adnie 9 cyfr.<\/span>\n\t\t\t<\/p>\n\t\t<\/div>\n\t<\/div>\n\n <!-- Wiadomo\u015b\u0107 -->\n\t<p><br \/>\n<span class=\"wpcf7-form-control-wrap\" data-name=\"wiadomosc\"><textarea cols=\"40\" rows=\"10\" maxlength=\"2000\" minlength=\"10\" class=\"wpcf7-form-control wpcf7-textarea wpcf7-validates-as-required\" aria-required=\"true\" aria-invalid=\"false\" placeholder=\"Tre\u015b\u0107 wiadomo\u015bci\" name=\"wiadomosc\"><\/textarea><\/span>\n\t<\/p>\n\n <!-- Za\u0142\u0105cznik -->\n\t<p><br \/>\n<span class=\"wpcf7-form-control-wrap\" data-name=\"zalacznik\"><input size=\"40\" class=\"wpcf7-form-control wpcf7-file\" accept=\".pdf\" aria-invalid=\"false\" type=\"file\" name=\"zalacznik\" \/><\/span>\n\t<\/p>\n\t<p><small class=\"cf7-info\"><br \/>\nDozwolony format pliku: <strong>PDF<\/strong>. Maksymalny rozmiar: <strong>2 MB<\/strong>.<br \/>\n<\/small>\n\t<\/p>\n\n <!-- Honeypot -->\n\t<div class=\"cf7-honeypot-wrap\">\n\t\t<p><span class=\"wpcf7-form-control-wrap\" data-name=\"honeypot-field\"><input size=\"40\" maxlength=\"400\" class=\"wpcf7-form-control wpcf7-text\" id=\"hp-check\" aria-invalid=\"false\" placeholder=\"Nie wype\u0142niaj tego pola\" value=\"\" type=\"text\" name=\"honeypot-field\" \/><\/span>\n\t\t<\/p>\n\t<\/div>\n\n <!-- RODO -->\n\t<p class=\"cf7-rodo\"><br \/>\n<span class=\"wpcf7-form-control-wrap\" data-name=\"acceptance-973\"><span class=\"wpcf7-form-control wpcf7-acceptance\"><span class=\"wpcf7-list-item\"><label><input type=\"checkbox\" name=\"acceptance-973\" value=\"1\" aria-invalid=\"false\" \/><span class=\"wpcf7-list-item-label\">Wyra\u017cam zgod\u0119 na przetwarzanie moich danych osobowych w celu kontaktu zgodnie z\n    <a href=\"https:\/\/bmplan.attox.pl\/polityka-prywatnosci-2\/\" target=\"_blank\" rel=\"noopener noreferrer\">\n      Polityk\u0105 prywatno\u015bci\n    <\/a>.<\/span><\/label><\/span><\/span><\/span>\n\t<\/p>\n\n <!-- Przycisk -->\n\t<p class=\"cf7-submit-wrap\"><br \/>\n<input class=\"wpcf7-form-control wpcf7-submit has-spinner btn-cf7\" type=\"submit\" value=\"Wy\u015blij wiadomo\u015b\u0107\" \/>\n\t<\/p>\n<\/div>\n\n<!-- Skrypt: honeypot + walidacja numeru telefonu -->\n<p><script>\ndocument.addEventListener('DOMContentLoaded', function() {\n const honeypot = document.getElementById('hp-check');\n if (honeypot) honeypot.value = '';\n\n document.addEventListener('wpcf7beforesubmit', function(e) {\n const form = e.target;\n const telField = form.querySelector('input[name=\"telefon\"]');\n const errorMsg = form.querySelector('.cf7-error-msg');\n\n \/\/ Reset komunikatu\n if (errorMsg) errorMsg.classList.remove('show');\n\n \/\/ HONEYPOT\n if (honeypot && honeypot.value.trim() !== '') {\n e.preventDefault();\n return false;\n }\n\n \/\/ WALIDACJA TELEFONU (dok\u0142adnie 9 cyfr)\n if (telField) {\n const digits = (telField.value || '').replace(\/\\D\/g, '');\n if (digits.length !== 9) {\n e.preventDefault();\n if (errorMsg) errorMsg.classList.add('show');\n telField.focus();\n return false;\n }\n telField.value = digits;\n }\n });\n\n \/\/ Walidacja inline podczas wpisywania\n const telField = document.querySelector('input[name=\"telefon\"]');\n const errorMsg = document.querySelector('.cf7-error-msg');\n if (telField && errorMsg) {\n telField.addEventListener('input', function() {\n const digits = telField.value.replace(\/\\D\/g, '');\n if (digits.length === 9) {\n errorMsg.classList.remove('show');\n }\n });\n }\n});\n<\/script>\n<\/p><div class=\"wpcf7-response-output\" aria-hidden=\"true\"><\/div>\n<\/form>\n<\/div>\n<\/div>\n\t<\/div>\n\n<div  data-mk-stretch-content=\"true\" class=\"wpb_row vc_row vc_row-fluid jupiter-donut- mk-fullwidth-false  attched-false     js-master-row  mk-grid\">\n\t\t\t\t\n<div class=\"vc_col-sm-6 wpb_column column_container  jupiter-donut- _ jupiter-donut-height-full\">\n\t\n<div id=\"padding-7\" class=\"mk-padding-divider jupiter-donut-  jupiter-donut-clearfix\"><\/div>\n\n\n\t<div class=\"wpb_raw_code wpb_raw_html wpb_content_element\" >\n\t\t<div class=\"wpb_wrapper\">\n\t\t\t<iframe src=\"https:\/\/www.google.com\/maps\/embed?pb=!1m18!1m12!1m3!1d2528.9962002224443!2d17.93563117381154!3d50.66433109051846!2m3!1f0!2f0!3f0!3m2!1i1024!2i768!4f13.1!3m3!1m2!1s0x4710530e82fad367%3A0x504e2839545c8c5f!2sKatowicka%2033A%2F211%2C%2045-061%20Opole!5e0!3m2!1spl!2spl!4v1760448716073!5m2!1spl!2spl\" width=\"600\" height=\"450\" style=\"border:0;\" allowfullscreen=\"\" loading=\"lazy\" referrerpolicy=\"no-referrer-when-downgrade\"><\/iframe>\n\t\t<\/div>\n\t<\/div>\n<\/div>\n\n<div class=\"vc_col-sm-6 wpb_column column_container  jupiter-donut- _ jupiter-donut-height-full\">\n\t\n<div id=\"padding-9\" class=\"mk-padding-divider jupiter-donut-  jupiter-donut-clearfix\"><\/div>\n\n\n\t<div class=\"wpb_raw_code wpb_raw_html wpb_content_element\" >\n\t\t<div class=\"wpb_wrapper\">\n\t\t\t<iframe src=\"https:\/\/www.google.com\/maps\/embed?pb=!1m14!1m8!1m3!1d1252.9452313251861!2d17.061276!3d51.092029!3m2!1i1024!2i768!4f13.1!3m3!1m2!1s0x470fc28e70666469%3A0x35a6857b6503dd5e!2sKrakowska%2035%2C%2050-424%20Wroc%C5%82aw!5e0!3m2!1spl!2spl!4v1760635455820!5m2!1spl!2spl\" width=\"600\" height=\"450\" style=\"border:0;\" allowfullscreen=\"\" loading=\"lazy\" referrerpolicy=\"no-referrer-when-downgrade\"><\/iframe>\n\t\t<\/div>\n\t<\/div>\n<\/div>\n\t<\/div>\n\n<\/div>","protected":false},"excerpt":{"rendered":"Zapraszamy do kontaktu biuro@bmplan.com.pl ul. Katowicka 33A\/211, 45-061 Opole NIP: 754-337-41-22 tel. 727 616 010 Numer telefonu musi mie\u0107 dok\u0142adnie 9 cyfr. Dozwolony format pliku: PDF. Maksymalny rozmiar: 2 MB. Wyra\u017cam zgod\u0119 na przetwarzanie moich danych osobowych w celu kontaktu zgodnie z Polityk\u0105 prywatno\u015bci .","protected":false},"author":1,"featured_media":0,"parent":0,"menu_order":0,"comment_status":"closed","ping_status":"closed","template":"","meta":{"footnotes":""},"class_list":["post-11","page","type-page","status-publish","hentry"],"_links":{"self":[{"href":"https:\/\/bmplan.attox.pl\/en\/wp-json\/wp\/v2\/pages\/11","targetHints":{"allow":["GET"]}}],"collection":[{"href":"https:\/\/bmplan.attox.pl\/en\/wp-json\/wp\/v2\/pages"}],"about":[{"href":"https:\/\/bmplan.attox.pl\/en\/wp-json\/wp\/v2\/types\/page"}],"author":[{"embeddable":true,"href":"https:\/\/bmplan.attox.pl\/en\/wp-json\/wp\/v2\/users\/1"}],"replies":[{"embeddable":true,"href":"https:\/\/bmplan.attox.pl\/en\/wp-json\/wp\/v2\/comments?post=11"}],"version-history":[{"count":33,"href":"https:\/\/bmplan.attox.pl\/en\/wp-json\/wp\/v2\/pages\/11\/revisions"}],"predecessor-version":[{"id":234,"href":"https:\/\/bmplan.attox.pl\/en\/wp-json\/wp\/v2\/pages\/11\/revisions\/234"}],"wp:attachment":[{"href":"https:\/\/bmplan.attox.pl\/en\/wp-json\/wp\/v2\/media?parent=11"}],"curies":[{"name":"wp","href":"https:\/\/api.w.org\/{rel}","templated":true}]}}